{"id":1683,"date":"2024-08-20T01:35:00","date_gmt":"2024-08-19T23:35:00","guid":{"rendered":"https:\/\/www.angusmuelleuno.com\/ubicaciones\/"},"modified":"2024-11-19T15:18:13","modified_gmt":"2024-11-19T13:18:13","slug":"ubicaciones","status":"publish","type":"page","link":"https:\/\/www.angusmuelleuno.com\/es\/ubicaciones\/","title":{"rendered":"Ubicaciones"},"content":{"rendered":"<p>[et_pb_section fb_built=\u00bb1&#8243; fullwidth=\u00bbon\u00bb _builder_version=\u00bb4.24.3&#8243; _module_preset=\u00bbdefault\u00bb global_colors_info=\u00bb{}\u00bb][et_pb_fullwidth_code _builder_version=\u00bb4.25.2&#8243; _module_preset=\u00bbdefault\u00bb global_colors_info=\u00bb{}\u00bb]<iframe src=\"https:\/\/www.google.com\/maps\/embed?pb=!1m18!1m12!1m3!1d6396.7062686817435!2d-4.418556359980546!3d36.714079311304324!2m3!1f0!2f0!3f0!3m2!1i1024!2i768!4f13.1!3m3!1m2!1s0xd72f7ec1562fabb%3A0x371d43577606e1a5!2sANGUS%20Muelle%20Uno!5e0!3m2!1sen!2ses!4v1719928443171!5m2!1sen!2ses\" width=\"100%\" height=\"400\" style=\"border:0;\" allowfullscreen=\"\" loading=\"lazy\" referrerpolicy=\"no-referrer-when-downgrade\"><\/iframe>[\/et_pb_fullwidth_code][\/et_pb_section][et_pb_section fb_built=\u00bb1&#8243; _builder_version=\u00bb4.24.3&#8243; _module_preset=\u00bbdefault\u00bb background_color=\u00bb#000000&#8243; global_colors_info=\u00bb{}\u00bb][et_pb_row column_structure=\u00bb1_5,1_5,1_5,1_5,1_5&#8243; _builder_version=\u00bb4.16&#8243; _module_preset=\u00bbdefault\u00bb background_size=\u00bbinitial\u00bb background_position=\u00bbtop_left\u00bb background_repeat=\u00bbrepeat\u00bb width=\u00bb93%\u00bb global_colors_info=\u00bb{}\u00bb][et_pb_column type=\u00bb1_5&#8243; _builder_version=\u00bb4.16&#8243; _module_preset=\u00bbdefault\u00bb custom_padding=\u00bb|||\u00bb global_colors_info=\u00bb{}\u00bb custom_padding__hover=\u00bb|||\u00bb][et_pb_text _builder_version=\u00bb4.27.0&#8243; _module_preset=\u00bbdefault\u00bb text_text_color=\u00bb#aaa9a9&#8243; text_font_size=\u00bb15&#8243; background_size=\u00bbinitial\u00bb background_position=\u00bbtop_left\u00bb background_repeat=\u00bbrepeat\u00bb background_layout=\u00bbdark\u00bb use_border_color=\u00bboff\u00bb border_color=\u00bb#ffffff\u00bb border_style=\u00bbsolid\u00bb global_colors_info=\u00bb{}\u00bb]<\/p>\n<h2>MARBELLA<\/h2>\n<p> Av. Duque de Ahumada, 9, 29602 Marbella, M\u00e1laga T: 951 91 50 91 <a href=\"mailto:reservas@angus.es\">Email<\/a><a href=\"https:\/\/www.angus.es\/\" target=\"_blank\" rel=\"noopener\">Website<\/a>[\/et_pb_text][\/et_pb_column][et_pb_column type=\u00bb1_5&#8243; _builder_version=\u00bb4.16&#8243; _module_preset=\u00bbdefault\u00bb custom_padding=\u00bb|||\u00bb global_colors_info=\u00bb{}\u00bb custom_padding__hover=\u00bb|||\u00bb][et_pb_text _builder_version=\u00bb4.27.0&#8243; _module_preset=\u00bbdefault\u00bb text_text_color=\u00bb#aaa9a9&#8243; text_font_size=\u00bb15&#8243; background_size=\u00bbinitial\u00bb background_position=\u00bbtop_left\u00bb background_repeat=\u00bbrepeat\u00bb background_layout=\u00bbdark\u00bb use_border_color=\u00bboff\u00bb border_color=\u00bb#ffffff\u00bb border_style=\u00bbsolid\u00bb global_colors_info=\u00bb{}\u00bb]<\/p>\n<h2>TORREQUEBRADA<\/h2>\n<p> Avenida del Sol, 5 Planta Baja, Paseo Maritimo Sunset Beach, 29630 Benalm\u00e1dena, M\u00e1laga T: 951 77 87 73 <a href=\"mailto:reservas@angus.es\">Email<\/a><a href=\"https:\/\/www.angus.es\/\" target=\"_blank\" rel=\"noopener\">Website<\/a>[\/et_pb_text][\/et_pb_column][et_pb_column type=\u00bb1_5&#8243; _builder_version=\u00bb4.16&#8243; _module_preset=\u00bbdefault\u00bb custom_padding=\u00bb|||\u00bb global_colors_info=\u00bb{}\u00bb custom_padding__hover=\u00bb|||\u00bb][et_pb_text _builder_version=\u00bb4.27.0&#8243; _module_preset=\u00bbdefault\u00bb text_text_color=\u00bb#aaa9a9&#8243; text_font_size=\u00bb15&#8243; background_size=\u00bbinitial\u00bb background_position=\u00bbtop_left\u00bb background_repeat=\u00bbrepeat\u00bb background_layout=\u00bbdark\u00bb use_border_color=\u00bboff\u00bb border_color=\u00bb#ffffff\u00bb border_style=\u00bbsolid\u00bb global_colors_info=\u00bb{}\u00bb]<\/p>\n<h2>Puerto Marina<\/h2>\n<p>D\u00e1rsena de Levante Local, B16, 29630 Benalm\u00e1dena<br \/>T: 952 575 798<br \/><a href=\"mailto:reservas@restaurantespuertomarina.com\">Email<\/a><br \/><a href=\"https:\/\/www.angus.es\/\" target=\"_blank\" rel=\"noopener\">Website<\/a><\/p>\n<p>[\/et_pb_text][\/et_pb_column][et_pb_column type=\u00bb1_5&#8243; _builder_version=\u00bb4.16&#8243; _module_preset=\u00bbdefault\u00bb custom_padding=\u00bb|||\u00bb global_colors_info=\u00bb{}\u00bb custom_padding__hover=\u00bb|||\u00bb][et_pb_text _builder_version=\u00bb4.27.0&#8243; _module_preset=\u00bbdefault\u00bb text_text_color=\u00bb#aaa9a9&#8243; text_font_size=\u00bb15&#8243; background_size=\u00bbinitial\u00bb background_position=\u00bbtop_left\u00bb background_repeat=\u00bbrepeat\u00bb background_layout=\u00bbdark\u00bb use_border_color=\u00bboff\u00bb border_color=\u00bb#ffffff\u00bb border_style=\u00bbsolid\u00bb global_colors_info=\u00bb{}\u00bb]<\/p>\n<h2>PLAYAMAR<\/h2>\n<p>Paseo Mar\u00edtimo, 69<br \/>29620 Playamar Torremolinos<br \/>T: 951 505 353<br \/><a href=\"mailto:reservas@angusplaymar.com\">Email<\/a><br \/><a href=\"https:\/\/www.angus.es\/\" target=\"_blank\" rel=\"noopener\">Website<\/a><\/p>\n<p>[\/et_pb_text][\/et_pb_column][et_pb_column type=\u00bb1_5&#8243; _builder_version=\u00bb4.16&#8243; _module_preset=\u00bbdefault\u00bb custom_padding=\u00bb|||\u00bb global_colors_info=\u00bb{}\u00bb custom_padding__hover=\u00bb|||\u00bb][et_pb_text _builder_version=\u00bb4.27.0&#8243; _module_preset=\u00bbdefault\u00bb text_text_color=\u00bb#aaa9a9&#8243; text_font_size=\u00bb15&#8243; background_size=\u00bbinitial\u00bb background_position=\u00bbtop_left\u00bb background_repeat=\u00bbrepeat\u00bb background_layout=\u00bbdark\u00bb use_border_color=\u00bboff\u00bb border_color=\u00bb#ffffff\u00bb border_style=\u00bbsolid\u00bb global_colors_info=\u00bb{}\u00bb]<\/p>\n<h2>MUELLE UNO<\/h2>\n<p> C.C. Muelle Uno, Local 55 M\u00e1laga T: 952 001 120 <a href=\"\">Email<\/a><a href=\"\" target=\"\" rel=\"noopener\">Website<\/a>[\/et_pb_text][\/et_pb_column][\/et_pb_row][\/et_pb_section][et_pb_section fb_built=\u00bb1&#8243; inner_shadow=\u00bbon\u00bb custom_padding_last_edited=\u00bbon|desktop\u00bb admin_label=\u00bbPage Divider Text &#038; Button Section\u00bb _builder_version=\u00bb4.25.1&#8243; _module_preset=\u00bbdefault\u00bb background_color=\u00bb#666666&#8243; background_image=\u00bbhttps:\/\/www.angusmuelleuno.com\/wp-content\/uploads\/2024\/07\/angus-steakhouse.jpg\u00bb custom_padding=\u00bb10vh||10vh|\u00bb custom_padding_tablet=\u00bb50px|0|50px|0&#8243; custom_padding_phone=\u00bb\u00bb collapsed=\u00bboff\u00bb global_colors_info=\u00bb{}\u00bb][et_pb_row padding_mobile=\u00bboff\u00bb column_padding_mobile=\u00bbon\u00bb admin_label=\u00bbrow\u00bb module_class=\u00bb et_pb_row_fullwidth\u00bb _builder_version=\u00bb4.16&#8243; _module_preset=\u00bbdefault\u00bb background_size=\u00bbinitial\u00bb background_position=\u00bbtop_left\u00bb background_repeat=\u00bbrepeat\u00bb width=\u00bb89%\u00bb width_tablet=\u00bb80%\u00bb width_phone=\u00bb80%\u00bb width_last_edited=\u00bbon|desktop\u00bb max_width=\u00bb89%\u00bb max_width_tablet=\u00bb80%\u00bb max_width_phone=\u00bb80%\u00bb max_width_last_edited=\u00bbon|desktop\u00bb custom_css_main_element=\u00bbtext-align:center;\u00bb make_fullwidth=\u00bbon\u00bb use_custom_width=\u00bboff\u00bb width_unit=\u00bbon\u00bb global_colors_info=\u00bb{}\u00bb][et_pb_column type=\u00bb4_4&#8243; _builder_version=\u00bb4.16&#8243; _module_preset=\u00bbdefault\u00bb custom_padding=\u00bb|||\u00bb custom_css_main_element=\u00bbtext-align: center;\u00bb global_colors_info=\u00bb{}\u00bb custom_padding__hover=\u00bb|||\u00bb][et_pb_blurb title=\u00bbTENEMOS RESTAURANTES POR TODA LA COSTA\u00bb image_icon_width=\u00bbnone\u00bb _builder_version=\u00bb4.24.3&#8243; _module_preset=\u00bbdefault\u00bb header_text_color=\u00bb#f1f1f1&#8243; header_font_size=\u00bb55&#8243; header_line_height=\u00bb1.3em\u00bb body_font=\u00bbCuprum||||\u00bb body_text_color=\u00bb#ab8b65&#8243; body_font_size=\u00bb21&#8243; body_line_height=\u00bb2em\u00bb background_size=\u00bbinitial\u00bb background_position=\u00bbtop_left\u00bb background_repeat=\u00bbrepeat\u00bb text_orientation=\u00bbcenter\u00bb background_layout=\u00bbdark\u00bb custom_margin=\u00bb0px|0px|0px|0px\u00bb custom_margin_tablet=\u00bb\u00bb custom_margin_phone=\u00bb\u00bb custom_margin_last_edited=\u00bbon|desktop\u00bb custom_padding=\u00bb0px|0px|0px|0px\u00bb header_font_size_tablet=\u00bb50&#8243; header_font_size_phone=\u00bb40&#8243; header_font_size_last_edited=\u00bbon|phone\u00bb custom_css_blurb_content=\u00bbmax-width:100% !important;\u00bb use_border_color=\u00bboff\u00bb border_color=\u00bb#ffffff\u00bb border_style=\u00bbsolid\u00bb image_max_width=\u00bbnone\u00bb use_circle=\u00bboff\u00bb use_circle_border=\u00bboff\u00bb circle_border_color=\u00bb#7EBEC5&#8243; circle_color=\u00bb#7EBEC5&#8243; global_colors_info=\u00bb{}\u00bb][\/et_pb_blurb][et_pb_divider divider_position=\u00bbcenter\u00bb disabled_on=\u00bbon|on|off\u00bb _builder_version=\u00bb4.16&#8243; _module_preset=\u00bbdefault\u00bb custom_css_main_element=\u00bbmax-width:40%;||padding: 25px 0;||margin: 0 auto;\u00bb hide_on_mobile=\u00bbon\u00bb global_colors_info=\u00bb{}\u00bb][\/et_pb_divider][et_pb_text _builder_version=\u00bb4.24.3&#8243; _module_preset=\u00bbdefault\u00bb text_font=\u00bbCuprum|||on|\u00bb text_text_color=\u00bb#f1f1f1&#8243; text_font_size=\u00bb24&#8243; text_line_height=\u00bb1.9em\u00bb background_size=\u00bbinitial\u00bb background_position=\u00bbtop_left\u00bb background_repeat=\u00bbrepeat\u00bb text_orientation=\u00bbcenter\u00bb background_layout=\u00bbdark\u00bb module_alignment=\u00bbcenter\u00bb custom_padding=\u00bb|10%||10%\u00bb custom_padding_tablet=\u00bb|5%||5%\u00bb custom_padding_phone=\u00bb|0px||0px\u00bb custom_padding_last_edited=\u00bbon|phone\u00bb use_border_color=\u00bboff\u00bb border_color=\u00bb#ffffff\u00bb border_style=\u00bbsolid\u00bb global_colors_info=\u00bb{}\u00bb]EN TODOS LOS RESTAURANTES ANGUS\u00ae, ASPIRAMOS A CREAR LA MEJOR EXPERIENCIA PARA NUESTROS CLIENTES, COMBINANDO LA M\u00c1S ALTA CALIDAD EN CARNES Y MARISCOS, CON UN SERVICIO EXCEPCIONAL EN UN AMBIENTE COSMOPOLITA Y ENTRETENIDO.[\/et_pb_text][\/et_pb_column][\/et_pb_row][\/et_pb_section][et_pb_section fb_built=\u00bb1&#8243; custom_padding_last_edited=\u00bbon|desktop\u00bb admin_label=\u00bbfooter\u00bb _builder_version=\u00bb4.27.3&#8243; _module_preset=\u00bbdefault\u00bb background_color=\u00bb#000000&#8243; custom_padding=\u00bb0px|||\u00bb custom_padding_tablet=\u00bb0px|0px|0px|0px\u00bb custom_padding_phone=\u00bb\u00bb hover_enabled=\u00bb0&#8243; transparent_background=\u00bboff\u00bb padding_mobile=\u00bboff\u00bb make_fullwidth=\u00bboff\u00bb use_custom_width=\u00bboff\u00bb width_unit=\u00bbon\u00bb collapsed=\u00bbon\u00bb global_colors_info=\u00bb{}\u00bb sticky_enabled=\u00bb0&#8243; locked=\u00bboff\u00bb][et_pb_row column_structure=\u00bb1_4,1_4,1_4,1_4&#8243; padding_mobile=\u00bboff\u00bb column_padding_mobile=\u00bbon\u00bb module_id=\u00bbglobal-footer-5&#8243; _builder_version=\u00bb4.16&#8243; _module_preset=\u00bbdefault\u00bb background_size=\u00bbinitial\u00bb background_position=\u00bbtop_left\u00bb background_repeat=\u00bbrepeat\u00bb make_fullwidth=\u00bboff\u00bb use_custom_width=\u00bboff\u00bb width_unit=\u00bbon\u00bb global_colors_info=\u00bb{}\u00bb theme_builder_area=\u00bbpost_content\u00bb][et_pb_column type=\u00bb1_4&#8243; _builder_version=\u00bb4.16&#8243; _module_preset=\u00bbdefault\u00bb custom_padding=\u00bb|||\u00bb global_colors_info=\u00bb{}\u00bb custom_padding__hover=\u00bb|||\u00bb theme_builder_area=\u00bbpost_content\u00bb][et_pb_blurb title=\u00bbEnv\u00eda un correo electr\u00f3nico a\u00bb use_icon=\u00bbon\u00bb font_icon=\u00bb&#xe010;||divi||400&#8243; image_icon_width=\u00bb30px\u00bb _builder_version=\u00bb4.27.3&#8243; _module_preset=\u00bbdefault\u00bb body_text_color=\u00bb#aaa9a9&#8243; background_size=\u00bbinitial\u00bb background_position=\u00bbtop_left\u00bb background_repeat=\u00bbrepeat\u00bb text_orientation=\u00bbcenter\u00bb background_layout=\u00bbdark\u00bb hover_enabled=\u00bb0&#8243; use_border_color=\u00bboff\u00bb border_color=\u00bb#ffffff\u00bb border_style=\u00bbsolid\u00bb icon_font_size=\u00bb30px\u00bb use_circle=\u00bboff\u00bb use_circle_border=\u00bboff\u00bb circle_border_color=\u00bb#7EBEC5&#8243; circle_color=\u00bb#7EBEC5&#8243; global_colors_info=\u00bb{}\u00bb theme_builder_area=\u00bbpost_content\u00bb sticky_enabled=\u00bb0&#8243;]<\/p>\n<p><span style=\"color: #ffffff;\">reservas@angus.es<\/span><\/p>\n<p>[\/et_pb_blurb][\/et_pb_column][et_pb_column type=\u00bb1_4&#8243; _builder_version=\u00bb4.16&#8243; _module_preset=\u00bbdefault\u00bb custom_padding=\u00bb|||\u00bb global_colors_info=\u00bb{}\u00bb custom_padding__hover=\u00bb|||\u00bb theme_builder_area=\u00bbpost_content\u00bb][et_pb_blurb title=\u00bbLl\u00e1manos\u00bb use_icon=\u00bbon\u00bb font_icon=\u00bb&#xe090;||divi||400&#8243; image_icon_width=\u00bb30px\u00bb _builder_version=\u00bb4.27.3&#8243; _module_preset=\u00bbdefault\u00bb body_text_color=\u00bb#aaa9a9&#8243; background_size=\u00bbinitial\u00bb background_position=\u00bbtop_left\u00bb background_repeat=\u00bbrepeat\u00bb text_orientation=\u00bbcenter\u00bb background_layout=\u00bbdark\u00bb hover_enabled=\u00bb0&#8243; use_border_color=\u00bboff\u00bb border_color=\u00bb#ffffff\u00bb border_style=\u00bbsolid\u00bb icon_font_size=\u00bb30px\u00bb use_circle=\u00bboff\u00bb use_circle_border=\u00bboff\u00bb circle_border_color=\u00bb#7EBEC5&#8243; circle_color=\u00bb#7EBEC5&#8243; global_colors_info=\u00bb{}\u00bb theme_builder_area=\u00bbpost_content\u00bb sticky_enabled=\u00bb0&#8243;]<\/p>\n<p><span style=\"color: #ffffff;\">952 001 120<\/span><\/p>\n<p>[\/et_pb_blurb][\/et_pb_column][et_pb_column type=\u00bb1_4&#8243; _builder_version=\u00bb4.16&#8243; _module_preset=\u00bbdefault\u00bb custom_padding=\u00bb|||\u00bb global_colors_info=\u00bb{}\u00bb custom_padding__hover=\u00bb|||\u00bb theme_builder_area=\u00bbpost_content\u00bb][et_pb_blurb title=\u00bbEncu\u00e9ntranos\u00bb use_icon=\u00bbon\u00bb font_icon=\u00bb&#xe01e;||divi||400&#8243; image_icon_width=\u00bb30px\u00bb _builder_version=\u00bb4.27.3&#8243; _module_preset=\u00bbdefault\u00bb body_text_color=\u00bb#aaa9a9&#8243; background_size=\u00bbinitial\u00bb background_position=\u00bbtop_left\u00bb background_repeat=\u00bbrepeat\u00bb text_orientation=\u00bbcenter\u00bb background_layout=\u00bbdark\u00bb hover_enabled=\u00bb0&#8243; use_border_color=\u00bboff\u00bb border_color=\u00bb#ffffff\u00bb border_style=\u00bbsolid\u00bb image_max_width=\u00bbnone\u00bb icon_font_size=\u00bb30px\u00bb use_circle=\u00bboff\u00bb use_circle_border=\u00bboff\u00bb circle_border_color=\u00bb#7EBEC5&#8243; circle_color=\u00bb#7EBEC5&#8243; global_colors_info=\u00bb{}\u00bb theme_builder_area=\u00bbpost_content\u00bb sticky_enabled=\u00bb0&#8243;]<\/p>\n<p><span style=\"color: #ffffff;\">Muelle Uno, Local 55,<\/span><br \/><span style=\"color: #ffffff;\">P.\u00ba de la Farola, 29001 M\u00e1laga<\/span><\/p>\n<p>[\/et_pb_blurb][\/et_pb_column][et_pb_column type=\u00bb1_4&#8243; _builder_version=\u00bb4.16&#8243; _module_preset=\u00bbdefault\u00bb custom_padding=\u00bb|||\u00bb global_colors_info=\u00bb{}\u00bb custom_padding__hover=\u00bb|||\u00bb theme_builder_area=\u00bbpost_content\u00bb][et_pb_blurb title=\u00bbHorario de apertura\u00bb use_icon=\u00bbon\u00bb font_icon=\u00bb&#xe01e;||divi||400&#8243; image_icon_width=\u00bb30px\u00bb _builder_version=\u00bb4.27.3&#8243; _module_preset=\u00bbdefault\u00bb body_text_color=\u00bb#aaa9a9&#8243; background_size=\u00bbinitial\u00bb background_position=\u00bbtop_left\u00bb background_repeat=\u00bbrepeat\u00bb text_orientation=\u00bbcenter\u00bb background_layout=\u00bbdark\u00bb hover_enabled=\u00bb0&#8243; use_border_color=\u00bboff\u00bb border_color=\u00bb#ffffff\u00bb border_style=\u00bbsolid\u00bb image_max_width=\u00bbnone\u00bb icon_font_size=\u00bb30px\u00bb use_circle=\u00bboff\u00bb use_circle_border=\u00bboff\u00bb circle_border_color=\u00bb#7EBEC5&#8243; circle_color=\u00bb#7EBEC5&#8243; global_colors_info=\u00bb{}\u00bb theme_builder_area=\u00bbpost_content\u00bb sticky_enabled=\u00bb0&#8243;]<\/p>\n<p><span style=\"color: #ffffff;\">Lunes-Domingo<\/span><br \/><span style=\"color: #ffffff;\">13:00h-00:00h<\/span><\/p>\n<p>[\/et_pb_blurb][\/et_pb_column][\/et_pb_row][et_pb_row padding_mobile=\u00bboff\u00bb column_padding_mobile=\u00bbon\u00bb module_id=\u00bbglobal-footer-6&#8243; _builder_version=\u00bb4.16&#8243; _module_preset=\u00bbdefault\u00bb background_size=\u00bbinitial\u00bb background_position=\u00bbtop_left\u00bb background_repeat=\u00bbrepeat\u00bb make_fullwidth=\u00bboff\u00bb use_custom_width=\u00bboff\u00bb width_unit=\u00bbon\u00bb global_colors_info=\u00bb{}\u00bb theme_builder_area=\u00bbpost_content\u00bb][et_pb_column type=\u00bb4_4&#8243; _builder_version=\u00bb4.16&#8243; _module_preset=\u00bbdefault\u00bb custom_padding=\u00bb|||\u00bb global_colors_info=\u00bb{}\u00bb custom_padding__hover=\u00bb|||\u00bb theme_builder_area=\u00bbpost_content\u00bb][et_pb_divider color=\u00bb#45494e\u00bb divider_style=\u00bboutset\u00bb _builder_version=\u00bb4.16&#8243; _module_preset=\u00bbdefault\u00bb hide_on_mobile=\u00bboff\u00bb global_colors_info=\u00bb{}\u00bb theme_builder_area=\u00bbpost_content\u00bb][\/et_pb_divider][\/et_pb_column][\/et_pb_row][\/et_pb_section]<\/p>\n","protected":false},"excerpt":{"rendered":"<p>MARBELLA Av. Duque de Ahumada, 9, 29602 Marbella, M\u00e1laga T: 951 91 50 91 EmailWebsiteTORREQUEBRADA Avenida del Sol, 5 Planta Baja, Paseo Maritimo Sunset Beach, 29630 Benalm\u00e1dena, M\u00e1laga T: 951 77 87 73 EmailWebsitePuerto Marina D\u00e1rsena de Levante Local, B16, 29630 Benalm\u00e1denaT: 952 575 798EmailWebsitePLAYAMAR Paseo Mar\u00edtimo, 6929620 Playamar TorremolinosT: 951 505 353EmailWebsiteMUELLE UNO C.C. [&hellip;]<\/p>\n","protected":false},"author":1,"featured_media":0,"parent":0,"menu_order":0,"comment_status":"closed","ping_status":"closed","template":"","meta":{"_et_pb_use_builder":"on","_et_pb_old_content":"","_et_gb_content_width":"","footnotes":""},"class_list":["post-1683","page","type-page","status-publish","hentry"],"_links":{"self":[{"href":"https:\/\/www.angusmuelleuno.com\/es\/wp-json\/wp\/v2\/pages\/1683","targetHints":{"allow":["GET"]}}],"collection":[{"href":"https:\/\/www.angusmuelleuno.com\/es\/wp-json\/wp\/v2\/pages"}],"about":[{"href":"https:\/\/www.angusmuelleuno.com\/es\/wp-json\/wp\/v2\/types\/page"}],"author":[{"embeddable":true,"href":"https:\/\/www.angusmuelleuno.com\/es\/wp-json\/wp\/v2\/users\/1"}],"replies":[{"embeddable":true,"href":"https:\/\/www.angusmuelleuno.com\/es\/wp-json\/wp\/v2\/comments?post=1683"}],"version-history":[{"count":7,"href":"https:\/\/www.angusmuelleuno.com\/es\/wp-json\/wp\/v2\/pages\/1683\/revisions"}],"predecessor-version":[{"id":5577,"href":"https:\/\/www.angusmuelleuno.com\/es\/wp-json\/wp\/v2\/pages\/1683\/revisions\/5577"}],"wp:attachment":[{"href":"https:\/\/www.angusmuelleuno.com\/es\/wp-json\/wp\/v2\/media?parent=1683"}],"curies":[{"name":"wp","href":"https:\/\/api.w.org\/{rel}","templated":true}]}}